[{"id":476,"date":"2021-07-27T09:00:49","date_gmt":"2021-07-27T10:00:49","guid":{"rendered":"https:\/\/backend-paef.gov.cv\/?page_id=476"},"modified":"2022-03-11T10:53:36","modified_gmt":"2022-03-11T11:53:36","slug":"documentos","status":"publish","type":"page","link":"https:\/\/backend-paef.gov.cv\/documentos\/","title":{"rendered":"Documentos"},"content":{"rendered":"<div class=\"wp-block-uagb-post-grid uagb-post-grid  uagb-post__image-position-top uagb-post__image-enabled uagb-block-439dcfc8     uagb-post__items uagb-post__columns-2 is-grid uagb-post__columns-tablet-2 uagb-post__columns-mobile-1 uagb-post__equal-height\" data-total=\"1\" style=\"\">\n\n\t\t\t\t\t\t\t\t\t\t\t\t<article class=\"uagb-post__inner-wrap\">\t\t\t\t\t\t\t\t<h4 class=\"uagb-post__title uagb-post__text\">\n\t\t\t\t<a href=\"https:\/\/backend-paef.gov.cv\/documentos\/guiao-de-criacao-de-relatorio-auto-avaliacao\/\" target=\"_self\" rel=\"bookmark noopener noreferrer\">Gui\u00e3o de Cria\u00e7\u00e3o de Relatorio Auto Avalia\u00e7\u00e3o<\/a>\n\t\t\t<\/h4>\n\t\t\t\t\t\t<div class='uagb-post__text uagb-post-grid-byline'>\n\t\t\t\t\t\t\t\t<time datetime=\"2023-05-08T19:54:01+00:00\" class=\"uagb-post__date\">\n\t\t\t\t<span class=\"dashicons-calendar dashicons\"><\/span>\t\t\t\t\tMonday,  8 de May de 2023\t\t\t\t<\/time>\n\t\t\t\t\t\t<\/div>\n\t\t\t\t\t\t\t<div class='uagb-post__text uagb-post__excerpt'>\n\t\t\t\t\t\t\t\t\t<\/div>\n\t\t\t\t\t\t<div class=\"uagb-post__text uagb-post__cta wp-block-button\">\n\t\t\t\t<a class=\"wp-block-button__link uagb-text-link\" style=\"\" href=\"https:\/\/backend-paef.gov.cv\/documentos\/guiao-de-criacao-de-relatorio-auto-avaliacao\/\" target=\"_self\" rel=\"bookmark noopener noreferrer\">Visualizar documento<\/a>\n\t\t\t<\/div>\n\t\t\t\n\t\t\t\t\t\t\t\t\t<\/article>\n\t\t\t\t\t\t\t\t\t\t\t\t\t\t\t\t<article class=\"uagb-post__inner-wrap\">\t\t\t\t\t\t\t\t<h4 class=\"uagb-post__title uagb-post__text\">\n\t\t\t\t<a href=\"https:\/\/backend-paef.gov.cv\/documentos\/referencial-de-qualidade-das-entidades-formadoras\/\" target=\"_self\" rel=\"bookmark noopener noreferrer\">Referencial de Qualidade das Entidades Formadoras<\/a>\n\t\t\t<\/h4>\n\t\t\t\t\t\t<div class='uagb-post__text uagb-post-grid-byline'>\n\t\t\t\t\t\t\t\t<time datetime=\"2023-05-08T19:52:57+00:00\" class=\"uagb-post__date\">\n\t\t\t\t<span class=\"dashicons-calendar dashicons\"><\/span>\t\t\t\t\tMonday,  8 de May de 2023\t\t\t\t<\/time>\n\t\t\t\t\t\t<\/div>\n\t\t\t\t\t\t\t<div class='uagb-post__text uagb-post__excerpt'>\n\t\t\t\t\t\t\t\t\t<\/div>\n\t\t\t\t\t\t<div class=\"uagb-post__text uagb-post__cta wp-block-button\">\n\t\t\t\t<a class=\"wp-block-button__link uagb-text-link\" style=\"\" href=\"https:\/\/backend-paef.gov.cv\/documentos\/referencial-de-qualidade-das-entidades-formadoras\/\" target=\"_self\" rel=\"bookmark noopener noreferrer\">Visualizar documento<\/a>\n\t\t\t<\/div>\n\t\t\t\n\t\t\t\t\t\t\t\t\t<\/article>\n\t\t\t\t\t\t\t\t\t\t\t\t\t\t\t\t<article class=\"uagb-post__inner-wrap\">\t\t\t\t\t\t\t\t<h4 class=\"uagb-post__title uagb-post__text\">\n\t\t\t\t<a href=\"https:\/\/backend-paef.gov.cv\/documentos\/desdobraveis-acreditacao\/\" target=\"_self\" rel=\"bookmark noopener noreferrer\">Desdobr\u00e1veis Acredita\u00e7\u00e3o<\/a>\n\t\t\t<\/h4>\n\t\t\t\t\t\t<div class='uagb-post__text uagb-post-grid-byline'>\n\t\t\t\t\t\t\t\t<time datetime=\"2022-05-03T09:05:36+00:00\" class=\"uagb-post__date\">\n\t\t\t\t<span class=\"dashicons-calendar dashicons\"><\/span>\t\t\t\t\tTuesday,  3 de May de 2022\t\t\t\t<\/time>\n\t\t\t\t\t\t<\/div>\n\t\t\t\t\t\t\t<div class='uagb-post__text uagb-post__excerpt'>\n\t\t\t\t\t\t\t\t\t<\/div>\n\t\t\t\t\t\t<div class=\"uagb-post__text uagb-post__cta wp-block-button\">\n\t\t\t\t<a class=\"wp-block-button__link uagb-text-link\" style=\"\" href=\"https:\/\/backend-paef.gov.cv\/documentos\/desdobraveis-acreditacao\/\" target=\"_self\" rel=\"bookmark noopener noreferrer\">Visualizar documento<\/a>\n\t\t\t<\/div>\n\t\t\t\n\t\t\t\t\t\t\t\t\t<\/article>\n\t\t\t\t\t\t\t\t\t\t\t\t\t\t\t\t<article class=\"uagb-post__inner-wrap\">\t\t\t\t\t\t\t\t<h4 class=\"uagb-post__title uagb-post__text\">\n\t\t\t\t<a href=\"https:\/\/backend-paef.gov.cv\/documentos\/manual-de-acreditacao-das-entidades-formadoras-i-e-ii\/\" target=\"_self\" rel=\"bookmark noopener noreferrer\">Manual de Acredita\u00e7\u00e3o das Entidades Formadoras<\/a>\n\t\t\t<\/h4>\n\t\t\t\t\t\t<div class='uagb-post__text uagb-post-grid-byline'>\n\t\t\t\t\t\t\t\t<time datetime=\"2021-08-16T12:24:01+00:00\" class=\"uagb-post__date\">\n\t\t\t\t<span class=\"dashicons-calendar dashicons\"><\/span>\t\t\t\t\tMonday, 16 de August de 2021\t\t\t\t<\/time>\n\t\t\t\t\t\t<\/div>\n\t\t\t\t\t\t\t<div class='uagb-post__text uagb-post__excerpt'>\n\t\t\t\t\tPT &#8211; Lorem Ipsum is simply dummy text of the printing and typesetting industry. Lorem&#8230;\t\t\t\t<\/div>\n\t\t\t\t\t\t<div class=\"uagb-post__text uagb-post__cta wp-block-button\">\n\t\t\t\t<a class=\"wp-block-button__link uagb-text-link\" style=\"\" href=\"https:\/\/backend-paef.gov.cv\/documentos\/manual-de-acreditacao-das-entidades-formadoras-i-e-ii\/\" target=\"_self\" rel=\"bookmark noopener noreferrer\">Visualizar documento<\/a>\n\t\t\t<\/div>\n\t\t\t\n\t\t\t\t\t\t\t\t\t<\/article>\n\t\t\t\t\t\t\t\t\t\t\t\t\t\t\t\t<article class=\"uagb-post__inner-wrap\">\t\t\t\t\t\t\t\t<h4 class=\"uagb-post__title uagb-post__text\">\n\t\t\t\t<a href=\"https:\/\/backend-paef.gov.cv\/documentos\/regime-juridico-da-metodologia-de-formacao-profissional-a-distancia\/\" target=\"_self\" rel=\"bookmark noopener noreferrer\">Regime Jur\u00eddico da Metodologia de Forma\u00e7\u00e3o Profissional \u00e0 Dist\u00e2ncia<\/a>\n\t\t\t<\/h4>\n\t\t\t\t\t\t<div class='uagb-post__text uagb-post-grid-byline'>\n\t\t\t\t\t\t\t\t<time datetime=\"2021-08-16T12:23:35+00:00\" class=\"uagb-post__date\">\n\t\t\t\t<span class=\"dashicons-calendar dashicons\"><\/span>\t\t\t\t\tMonday, 16 de August de 2021\t\t\t\t<\/time>\n\t\t\t\t\t\t<\/div>\n\t\t\t\t\t\t\t<div class='uagb-post__text uagb-post__excerpt'>\n\t\t\t\t\tLorem Ipsum is simply dummy text of the printing and typesetting industry. Lorem Ipsum has&#8230;\t\t\t\t<\/div>\n\t\t\t\t\t\t<div class=\"uagb-post__text uagb-post__cta wp-block-button\">\n\t\t\t\t<a class=\"wp-block-button__link uagb-text-link\" style=\"\" href=\"https:\/\/backend-paef.gov.cv\/documentos\/regime-juridico-da-metodologia-de-formacao-profissional-a-distancia\/\" target=\"_self\" rel=\"bookmark noopener noreferrer\">Visualizar documento<\/a>\n\t\t\t<\/div>\n\t\t\t\n\t\t\t\t\t\t\t\t\t<\/article>\n\t\t\t\t\t\t\t\t\t\t\t\t\t\t\t\t<article class=\"uagb-post__inner-wrap\">\t\t\t\t\t\t\t\t<h4 class=\"uagb-post__title uagb-post__text\">\n\t\t\t\t<a href=\"https:\/\/backend-paef.gov.cv\/documentos\/regime-juridico-do-sistema-nacional-de-qualificacoes\/\" target=\"_self\" rel=\"bookmark noopener noreferrer\">Regime Jur\u00eddico do Sistema Nacional de Qualifica\u00e7\u00f5es<\/a>\n\t\t\t<\/h4>\n\t\t\t\t\t\t<div class='uagb-post__text uagb-post-grid-byline'>\n\t\t\t\t\t\t\t\t<time datetime=\"2021-08-16T12:22:55+00:00\" class=\"uagb-post__date\">\n\t\t\t\t<span class=\"dashicons-calendar dashicons\"><\/span>\t\t\t\t\tMonday, 16 de August de 2021\t\t\t\t<\/time>\n\t\t\t\t\t\t<\/div>\n\t\t\t\t\t\t\t<div class='uagb-post__text uagb-post__excerpt'>\n\t\t\t\t\tLorem Ipsum is simply dummy text of the printing and typesetting industry. Lorem Ipsum has&#8230;\t\t\t\t<\/div>\n\t\t\t\t\t\t<div class=\"uagb-post__text uagb-post__cta wp-block-button\">\n\t\t\t\t<a class=\"wp-block-button__link uagb-text-link\" style=\"\" href=\"https:\/\/backend-paef.gov.cv\/documentos\/regime-juridico-do-sistema-nacional-de-qualificacoes\/\" target=\"_self\" rel=\"bookmark noopener noreferrer\">Visualizar documento<\/a>\n\t\t\t<\/div>\n\t\t\t\n\t\t\t\t\t\t\t\t\t<\/article>\n\t\t\t\t\t\t\t\t\t\t\t\t\t\t\t\t<article class=\"uagb-post__inner-wrap\">\t\t\t\t\t\t\t\t<h4 class=\"uagb-post__title uagb-post__text\">\n\t\t\t\t<a href=\"https:\/\/backend-paef.gov.cv\/documentos\/regime-juridico-geral-da-formacao-profissional\/\" target=\"_self\" rel=\"bookmark noopener noreferrer\">Regime Jur\u00eddico Geral da Forma\u00e7\u00e3o Profissional<\/a>\n\t\t\t<\/h4>\n\t\t\t\t\t\t<div class='uagb-post__text uagb-post-grid-byline'>\n\t\t\t\t\t\t\t\t<time datetime=\"2021-08-16T12:21:24+00:00\" class=\"uagb-post__date\">\n\t\t\t\t<span class=\"dashicons-calendar dashicons\"><\/span>\t\t\t\t\tMonday, 16 de August de 2021\t\t\t\t<\/time>\n\t\t\t\t\t\t<\/div>\n\t\t\t\t\t\t\t<div class='uagb-post__text uagb-post__excerpt'>\n\t\t\t\t\tIt is a long established fact that a reader will be distracted by the readable&#8230;\t\t\t\t<\/div>\n\t\t\t\t\t\t<div class=\"uagb-post__text uagb-post__cta wp-block-button\">\n\t\t\t\t<a class=\"wp-block-button__link uagb-text-link\" style=\"\" href=\"https:\/\/backend-paef.gov.cv\/documentos\/regime-juridico-geral-da-formacao-profissional\/\" target=\"_self\" rel=\"bookmark noopener noreferrer\">Visualizar documento<\/a>\n\t\t\t<\/div>\n\t\t\t\n\t\t\t\t\t\t\t\t\t<\/article>\n\t\t\t\t\t\t\t\t\t\t\t\t\t\t\t\t<article class=\"uagb-post__inner-wrap\">\t\t\t\t\t\t\t\t<h4 class=\"uagb-post__title uagb-post__text\">\n\t\t\t\t<a href=\"https:\/\/backend-paef.gov.cv\/documentos\/regula-o-estatuto-do-formador-de-formacao-profissional\/\" target=\"_self\" rel=\"bookmark noopener noreferrer\">Estatuto do Formador de Forma\u00e7\u00e3o Profissional<\/a>\n\t\t\t<\/h4>\n\t\t\t\t\t\t<div class='uagb-post__text uagb-post-grid-byline'>\n\t\t\t\t\t\t\t\t<time datetime=\"2021-08-16T12:20:56+00:00\" class=\"uagb-post__date\">\n\t\t\t\t<span class=\"dashicons-calendar dashicons\"><\/span>\t\t\t\t\tMonday, 16 de August de 2021\t\t\t\t<\/time>\n\t\t\t\t\t\t<\/div>\n\t\t\t\t\t\t\t<div class='uagb-post__text uagb-post__excerpt'>\n\t\t\t\t\tIt is a long established fact that a reader will be distracted by the readable&#8230;\t\t\t\t<\/div>\n\t\t\t\t\t\t<div class=\"uagb-post__text uagb-post__cta wp-block-button\">\n\t\t\t\t<a class=\"wp-block-button__link uagb-text-link\" style=\"\" href=\"https:\/\/backend-paef.gov.cv\/documentos\/regula-o-estatuto-do-formador-de-formacao-profissional\/\" target=\"_self\" rel=\"bookmark noopener noreferrer\">Visualizar documento<\/a>\n\t\t\t<\/div>\n\t\t\t\n\t\t\t\t\t\t\t\t\t<\/article>\n\t\t\t\t\t\t\t\t\t\t\t\t\t\t\t\t<article class=\"uagb-post__inner-wrap\">\t\t\t\t\t\t\t\t<h4 class=\"uagb-post__title uagb-post__text\">\n\t\t\t\t<a href=\"https:\/\/backend-paef.gov.cv\/documentos\/estrutura-e-organizacao-do-catalogo-nacional-de-qualificacoes\/\" target=\"_self\" rel=\"bookmark noopener noreferrer\">Estrutura e Organiza\u00e7\u00e3o do Cat\u00e1logo Nacional de Qualifica\u00e7\u00f5es<\/a>\n\t\t\t<\/h4>\n\t\t\t\t\t\t<div class='uagb-post__text uagb-post-grid-byline'>\n\t\t\t\t\t\t\t\t<time datetime=\"2021-08-16T12:20:26+00:00\" class=\"uagb-post__date\">\n\t\t\t\t<span class=\"dashicons-calendar dashicons\"><\/span>\t\t\t\t\tMonday, 16 de August de 2021\t\t\t\t<\/time>\n\t\t\t\t\t\t<\/div>\n\t\t\t\t\t\t\t<div class='uagb-post__text uagb-post__excerpt'>\n\t\t\t\t\tIt is a long established fact that a reader will be distracted by the readable&#8230;\t\t\t\t<\/div>\n\t\t\t\t\t\t<div class=\"uagb-post__text uagb-post__cta wp-block-button\">\n\t\t\t\t<a class=\"wp-block-button__link uagb-text-link\" style=\"\" href=\"https:\/\/backend-paef.gov.cv\/documentos\/estrutura-e-organizacao-do-catalogo-nacional-de-qualificacoes\/\" target=\"_self\" rel=\"bookmark noopener noreferrer\">Visualizar documento<\/a>\n\t\t\t<\/div>\n\t\t\t\n\t\t\t\t\t\t\t\t\t<\/article>\n\t\t\t\t\t\t\t\t\t\t\t\t\t\t\t\t<article class=\"uagb-post__inner-wrap\">\t\t\t\t\t\t\t\t<h4 class=\"uagb-post__title uagb-post__text\">\n\t\t\t\t<a href=\"https:\/\/backend-paef.gov.cv\/documentos\/regime-juridico-de-acreditacao-de-entidades-formadoras\/\" target=\"_self\" rel=\"bookmark noopener noreferrer\">Regime Jur\u00eddico de Acredita\u00e7\u00e3o de Entidades Formadoras<\/a>\n\t\t\t<\/h4>\n\t\t\t\t\t\t<div class='uagb-post__text uagb-post-grid-byline'>\n\t\t\t\t\t\t\t\t<time datetime=\"2021-08-16T12:18:21+00:00\" class=\"uagb-post__date\">\n\t\t\t\t<span class=\"dashicons-calendar dashicons\"><\/span>\t\t\t\t\tMonday, 16 de August de 2021\t\t\t\t<\/time>\n\t\t\t\t\t\t<\/div>\n\t\t\t\t\t\t\t<div class='uagb-post__text uagb-post__excerpt'>\n\t\t\t\t\tIt is a long established fact that a reader will be distracted by the readable&#8230;\t\t\t\t<\/div>\n\t\t\t\t\t\t<div class=\"uagb-post__text uagb-post__cta wp-block-button\">\n\t\t\t\t<a class=\"wp-block-button__link uagb-text-link\" style=\"\" href=\"https:\/\/backend-paef.gov.cv\/documentos\/regime-juridico-de-acreditacao-de-entidades-formadoras\/\" target=\"_self\" rel=\"bookmark noopener noreferrer\">Visualizar documento<\/a>\n\t\t\t<\/div>\n\t\t\t\n\t\t\t\t\t\t\t\t\t<\/article>\n\t\t\t\t\t\t\t\t\t\t\t<\/div>","protected":false},"excerpt":{"rendered":"","protected":false},"author":12,"featured_media":0,"parent":0,"menu_order":16,"comment_status":"closed","ping_status":"closed","template":"","meta":{"_uag_custom_page_level_css":"","site-sidebar-layout":"default","site-content-layout":"default","ast-global-header-display":"","ast-main-header-display":"","ast-hfb-above-header-display":"","ast-hfb-below-header-display":"","ast-hfb-mobile-header-display":"","site-post-title":"disabled","ast-breadcrumbs-content":"","ast-featured-img":"","footer-sml-layout":"","theme-transparent-header-meta":"default","adv-header-id-meta":"","stick-header-meta":"","header-above-stick-meta":"","header-main-stick-meta":"","header-below-stick-meta":"","footnotes":""},"palavras_chaves":[],"class_list":["post-476","page","type-page","status-publish","hentry"],"acf":{"estrutura":false},"uagb_featured_image_src":{"full":false,"thumbnail":false,"medium":false,"medium_large":false,"large":false,"1536x1536":false,"2048x2048":false},"uagb_author_info":{"display_name":"Edmilson Tavares","author_link":"https:\/\/backend-paef.gov.cv\/author\/edmilson_t\/"},"uagb_comment_info":0,"uagb_excerpt":null,"_links":{"self":[{"href":"https:\/\/backend-paef.gov.cv\/wp-json\/wp\/v2\/pages\/476","targetHints":{"allow":["GET"]}}],"collection":[{"href":"https:\/\/backend-paef.gov.cv\/wp-json\/wp\/v2\/pages"}],"about":[{"href":"https:\/\/backend-paef.gov.cv\/wp-json\/wp\/v2\/types\/page"}],"author":[{"embeddable":true,"href":"https:\/\/backend-paef.gov.cv\/wp-json\/wp\/v2\/users\/12"}],"replies":[{"embeddable":true,"href":"https:\/\/backend-paef.gov.cv\/wp-json\/wp\/v2\/comments?post=476"}],"version-history":[{"count":6,"href":"https:\/\/backend-paef.gov.cv\/wp-json\/wp\/v2\/pages\/476\/revisions"}],"predecessor-version":[{"id":2730,"href":"https:\/\/backend-paef.gov.cv\/wp-json\/wp\/v2\/pages\/476\/revisions\/2730"}],"wp:attachment":[{"href":"https:\/\/backend-paef.gov.cv\/wp-json\/wp\/v2\/media?parent=476"}],"wp:term":[{"taxonomy":"palavras_chaves","embeddable":true,"href":"https:\/\/backend-paef.gov.cv\/wp-json\/wp\/v2\/palavras_chaves?post=476"}],"curies":[{"name":"wp","href":"https:\/\/api.w.org\/{rel}","templated":true}]}}]